{"id":188,"date":"2026-04-20T15:21:38","date_gmt":"2026-04-20T15:21:38","guid":{"rendered":"https:\/\/innovacircular.es\/?page_id=188"},"modified":"2026-04-20T15:31:26","modified_gmt":"2026-04-20T15:31:26","slug":"blog","status":"publish","type":"page","link":"https:\/\/innovacircular.es\/index.php\/blog\/","title":{"rendered":"Blog"},"content":{"rendered":"\t\t<div data-elementor-type=\"wp-page\" data-elementor-id=\"188\" class=\"elementor elementor-188\" data-elementor-post-type=\"page\">\n\t\t\t\t<div class=\"elementor-element elementor-element-387b10e9 e-flex e-con-boxed e-con e-parent\" data-id=\"387b10e9\" data-element_type=\"container\" data-e-type=\"container\">\n\t\t\t\t\t<div class=\"e-con-inner\">\n\t\t<div class=\"elementor-element elementor-element-5a7bc187 e-flex e-con-boxed e-con e-child\" data-id=\"5a7bc187\" data-element_type=\"container\" data-e-type=\"container\" data-settings=\"{&quot;background_background&quot;:&quot;video&quot;,&quot;background_video_link&quot;:&quot;https:\\\/\\\/innovacircular.es\\\/wp-content\\\/uploads\\\/2026\\\/04\\\/Innovacircular-2-1-1.mp4&quot;,&quot;background_play_on_mobile&quot;:&quot;yes&quot;}\">\n\t\t\t\t\t<div class=\"e-con-inner\">\n\t\t<div class=\"elementor-background-video-container\">\n\t\t\t\t\t\t\t<video class=\"elementor-background-video-hosted\" role=\"presentation\" autoplay muted playsinline loop><\/video>\n\t\t\t\t\t<\/div>\t\t<div class=\"elementor-element elementor-element-23255aca elementor-widget elementor-widget-heading\" data-id=\"23255aca\" data-element_type=\"widget\" data-e-type=\"widget\" data-widget_type=\"heading.default\">\n\t\t\t\t\t<h1 class=\"elementor-heading-title elementor-size-default\">Blog de Innovacircular<\/h1>\t\t\t\t<\/div>\n\t\t\t\t<div class=\"elementor-element elementor-element-ba904b0 elementor-widget__width-inherit elementor-widget elementor-widget-text-editor\" data-id=\"ba904b0\" data-element_type=\"widget\" data-e-type=\"widget\" data-widget_type=\"text-editor.default\">\n\t\t\t\t\t\t\t\t\t<h2>Hub de conocimiento sobre econom\u00eda circular empresarial<\/h2>\t\t\t\t\t\t\t\t<\/div>\n\t\t\t\t\t<\/div>\n\t\t\t\t<\/div>\n\t\t\t\t\t<\/div>\n\t\t\t\t<\/div>\n\t\t<div class=\"elementor-element elementor-element-65cdd14a e-flex e-con-boxed e-con e-parent\" data-id=\"65cdd14a\" data-element_type=\"container\" data-e-type=\"container\">\n\t\t\t\t\t<div class=\"e-con-inner\">\n\t\t\t\t<div class=\"elementor-element elementor-element-77462b6c elementor-posts__hover-none elementor-posts--align-center elementor-grid-3 elementor-grid-tablet-2 elementor-grid-mobile-1 elementor-posts--thumbnail-top elementor-card-shadow-yes elementor-widget elementor-widget-posts\" data-id=\"77462b6c\" data-element_type=\"widget\" data-e-type=\"widget\" data-settings=\"{&quot;cards_row_gap&quot;:{&quot;unit&quot;:&quot;px&quot;,&quot;size&quot;:80,&quot;sizes&quot;:[]},&quot;cards_row_gap_tablet&quot;:{&quot;unit&quot;:&quot;px&quot;,&quot;size&quot;:71,&quot;sizes&quot;:[]},&quot;cards_row_gap_mobile&quot;:{&quot;unit&quot;:&quot;px&quot;,&quot;size&quot;:30,&quot;sizes&quot;:[]},&quot;cards_columns&quot;:&quot;3&quot;,&quot;cards_columns_tablet&quot;:&quot;2&quot;,&quot;cards_columns_mobile&quot;:&quot;1&quot;}\" data-widget_type=\"posts.cards\">\n\t\t\t\t<div class=\"elementor-widget-container\">\n\t\t\t\t\t\t\t<div class=\"elementor-posts-container elementor-posts elementor-posts--skin-cards elementor-grid\" role=\"list\">\n\t\t\t\t<article class=\"elementor-post elementor-grid-item post-160 post type-post status-publish format-standard has-post-thumbnail hentry category-economia-circular\" role=\"listitem\">\n\t\t\t<div class=\"elementor-post__card\">\n\t\t\t\t<a class=\"elementor-post__thumbnail__link\" href=\"https:\/\/innovacircular.es\/index.php\/2026\/04\/20\/unir-sostenibilidad-y-rentabilidad\/\" tabindex=\"-1\" ><div class=\"elementor-post__thumbnail\"><img fetchpriority=\"high\" decoding=\"async\" width=\"1024\" height=\"683\" src=\"https:\/\/innovacircular.es\/wp-content\/uploads\/2026\/04\/bodegon-de-los-objetivos-de-desarrollo-sostenible-1-1.jpg\" class=\"attachment-full size-full wp-image-161\" alt=\"Qu\u00e9 es la sostenibilidad empresarial.\" srcset=\"https:\/\/innovacircular.es\/wp-content\/uploads\/2026\/04\/bodegon-de-los-objetivos-de-desarrollo-sostenible-1-1.jpg 1024w, https:\/\/innovacircular.es\/wp-content\/uploads\/2026\/04\/bodegon-de-los-objetivos-de-desarrollo-sostenible-1-1-300x200.jpg 300w, https:\/\/innovacircular.es\/wp-content\/uploads\/2026\/04\/bodegon-de-los-objetivos-de-desarrollo-sostenible-1-1-768x512.jpg 768w, https:\/\/innovacircular.es\/wp-content\/uploads\/2026\/04\/bodegon-de-los-objetivos-de-desarrollo-sostenible-1-1-360x240.jpg 360w\" sizes=\"(max-width: 1024px) 100vw, 1024px\" \/><\/div><\/a>\n\t\t\t\t<div class=\"elementor-post__text\">\n\t\t\t\t<h4 class=\"elementor-post__title\">\n\t\t\t<a href=\"https:\/\/innovacircular.es\/index.php\/2026\/04\/20\/unir-sostenibilidad-y-rentabilidad\/\" >\n\t\t\t\tC\u00f3mo unir sostenibilidad y rentabilidad en tu empresa\t\t\t<\/a>\n\t\t<\/h4>\n\t\t\t\t<\/div>\n\t\t\t\t\t<\/div>\n\t\t<\/article>\n\t\t\t\t<article class=\"elementor-post elementor-grid-item post-158 post type-post status-publish format-standard has-post-thumbnail hentry category-economia-circular\" role=\"listitem\">\n\t\t\t<div class=\"elementor-post__card\">\n\t\t\t\t<a class=\"elementor-post__thumbnail__link\" href=\"https:\/\/innovacircular.es\/index.php\/2026\/04\/20\/sostenibilidad-empresarial-que-es\/\" tabindex=\"-1\" ><div class=\"elementor-post__thumbnail\"><img decoding=\"async\" width=\"1024\" height=\"576\" src=\"https:\/\/innovacircular.es\/wp-content\/uploads\/2026\/04\/concepto-grafico-con-bloques-de-madera-y-papel-1-1.jpg\" class=\"attachment-full size-full wp-image-51\" alt=\"\" srcset=\"https:\/\/innovacircular.es\/wp-content\/uploads\/2026\/04\/concepto-grafico-con-bloques-de-madera-y-papel-1-1.jpg 1024w, https:\/\/innovacircular.es\/wp-content\/uploads\/2026\/04\/concepto-grafico-con-bloques-de-madera-y-papel-1-1-300x169.jpg 300w, https:\/\/innovacircular.es\/wp-content\/uploads\/2026\/04\/concepto-grafico-con-bloques-de-madera-y-papel-1-1-768x432.jpg 768w\" sizes=\"(max-width: 1024px) 100vw, 1024px\" \/><\/div><\/a>\n\t\t\t\t<div class=\"elementor-post__text\">\n\t\t\t\t<h4 class=\"elementor-post__title\">\n\t\t\t<a href=\"https:\/\/innovacircular.es\/index.php\/2026\/04\/20\/sostenibilidad-empresarial-que-es\/\" >\n\t\t\t\tSostenibilidad empresarial: qu\u00e9 es y por qu\u00e9 es clave para el crecimiento econ\u00f3mico\t\t\t<\/a>\n\t\t<\/h4>\n\t\t\t\t<\/div>\n\t\t\t\t\t<\/div>\n\t\t<\/article>\n\t\t\t\t<article class=\"elementor-post elementor-grid-item post-156 post type-post status-publish format-standard has-post-thumbnail hentry category-economia-circular\" role=\"listitem\">\n\t\t\t<div class=\"elementor-post__card\">\n\t\t\t\t<a class=\"elementor-post__thumbnail__link\" href=\"https:\/\/innovacircular.es\/index.php\/2026\/04\/20\/7-r-motor-cambio-empresarial\/\" tabindex=\"-1\" ><div class=\"elementor-post__thumbnail\"><img decoding=\"async\" width=\"1028\" height=\"686\" src=\"https:\/\/innovacircular.es\/wp-content\/uploads\/2026\/04\/pexels-didsss-1302304-1-1.jpg\" class=\"attachment-full size-full wp-image-47\" alt=\"Las 7 R como motor de cambio empresarial.\" srcset=\"https:\/\/innovacircular.es\/wp-content\/uploads\/2026\/04\/pexels-didsss-1302304-1-1.jpg 1028w, https:\/\/innovacircular.es\/wp-content\/uploads\/2026\/04\/pexels-didsss-1302304-1-1-300x200.jpg 300w, https:\/\/innovacircular.es\/wp-content\/uploads\/2026\/04\/pexels-didsss-1302304-1-1-1024x683.jpg 1024w, https:\/\/innovacircular.es\/wp-content\/uploads\/2026\/04\/pexels-didsss-1302304-1-1-768x512.jpg 768w, https:\/\/innovacircular.es\/wp-content\/uploads\/2026\/04\/pexels-didsss-1302304-1-1-360x240.jpg 360w\" sizes=\"(max-width: 1028px) 100vw, 1028px\" \/><\/div><\/a>\n\t\t\t\t<div class=\"elementor-post__text\">\n\t\t\t\t<h4 class=\"elementor-post__title\">\n\t\t\t<a href=\"https:\/\/innovacircular.es\/index.php\/2026\/04\/20\/7-r-motor-cambio-empresarial\/\" >\n\t\t\t\tLas 7 R como motor de cambio empresarial\t\t\t<\/a>\n\t\t<\/h4>\n\t\t\t\t<\/div>\n\t\t\t\t\t<\/div>\n\t\t<\/article>\n\t\t\t\t<article class=\"elementor-post elementor-grid-item post-154 post type-post status-publish format-standard has-post-thumbnail hentry category-economia-circular\" role=\"listitem\">\n\t\t\t<div class=\"elementor-post__card\">\n\t\t\t\t<a class=\"elementor-post__thumbnail__link\" href=\"https:\/\/innovacircular.es\/index.php\/2026\/04\/20\/7-r-economia-circular\/\" tabindex=\"-1\" ><div class=\"elementor-post__thumbnail\"><img loading=\"lazy\" decoding=\"async\" width=\"1024\" height=\"658\" src=\"https:\/\/innovacircular.es\/wp-content\/uploads\/2026\/04\/pexels-alena-koval-233944-886521-1-1.jpg\" class=\"attachment-full size-full wp-image-49\" alt=\"Cu\u00e1les son las 7 erres de la econom\u00eda circular.\" srcset=\"https:\/\/innovacircular.es\/wp-content\/uploads\/2026\/04\/pexels-alena-koval-233944-886521-1-1.jpg 1024w, https:\/\/innovacircular.es\/wp-content\/uploads\/2026\/04\/pexels-alena-koval-233944-886521-1-1-300x193.jpg 300w, https:\/\/innovacircular.es\/wp-content\/uploads\/2026\/04\/pexels-alena-koval-233944-886521-1-1-768x494.jpg 768w\" sizes=\"(max-width: 1024px) 100vw, 1024px\" \/><\/div><\/a>\n\t\t\t\t<div class=\"elementor-post__text\">\n\t\t\t\t<h4 class=\"elementor-post__title\">\n\t\t\t<a href=\"https:\/\/innovacircular.es\/index.php\/2026\/04\/20\/7-r-economia-circular\/\" >\n\t\t\t\t\u00bfQu\u00e9 son las 7 R de la econom\u00eda circular?\t\t\t<\/a>\n\t\t<\/h4>\n\t\t\t\t<\/div>\n\t\t\t\t\t<\/div>\n\t\t<\/article>\n\t\t\t\t<article class=\"elementor-post elementor-grid-item post-152 post type-post status-publish format-standard has-post-thumbnail hentry category-economia-circular\" role=\"listitem\">\n\t\t\t<div class=\"elementor-post__card\">\n\t\t\t\t<a class=\"elementor-post__thumbnail__link\" href=\"https:\/\/innovacircular.es\/index.php\/2026\/04\/20\/como-puede-transformar-empresa-economia-circular\/\" tabindex=\"-1\" ><div class=\"elementor-post__thumbnail\"><img loading=\"lazy\" decoding=\"async\" width=\"1028\" height=\"578\" src=\"https:\/\/innovacircular.es\/wp-content\/uploads\/2026\/04\/persona-sosteniendo-una-pieza-de-madera-caida-1-1.jpg\" class=\"attachment-full size-full wp-image-50\" alt=\"C\u00f3mo puede transformar la econom\u00eda circular las organizaciones.\" srcset=\"https:\/\/innovacircular.es\/wp-content\/uploads\/2026\/04\/persona-sosteniendo-una-pieza-de-madera-caida-1-1.jpg 1028w, https:\/\/innovacircular.es\/wp-content\/uploads\/2026\/04\/persona-sosteniendo-una-pieza-de-madera-caida-1-1-300x169.jpg 300w, https:\/\/innovacircular.es\/wp-content\/uploads\/2026\/04\/persona-sosteniendo-una-pieza-de-madera-caida-1-1-1024x576.jpg 1024w, https:\/\/innovacircular.es\/wp-content\/uploads\/2026\/04\/persona-sosteniendo-una-pieza-de-madera-caida-1-1-768x432.jpg 768w\" sizes=\"(max-width: 1028px) 100vw, 1028px\" \/><\/div><\/a>\n\t\t\t\t<div class=\"elementor-post__text\">\n\t\t\t\t<h4 class=\"elementor-post__title\">\n\t\t\t<a href=\"https:\/\/innovacircular.es\/index.php\/2026\/04\/20\/como-puede-transformar-empresa-economia-circular\/\" >\n\t\t\t\t\u00bfC\u00f3mo puede transformar tu empresa la econom\u00eda circular?\t\t\t<\/a>\n\t\t<\/h4>\n\t\t\t\t<\/div>\n\t\t\t\t\t<\/div>\n\t\t<\/article>\n\t\t\t\t<article class=\"elementor-post elementor-grid-item post-148 post type-post status-publish format-standard has-post-thumbnail hentry category-economia-circular\" role=\"listitem\">\n\t\t\t<div class=\"elementor-post__card\">\n\t\t\t\t<a class=\"elementor-post__thumbnail__link\" href=\"https:\/\/innovacircular.es\/index.php\/2026\/04\/20\/que-es-la-economia-circular\/\" tabindex=\"-1\" ><div class=\"elementor-post__thumbnail\"><img loading=\"lazy\" decoding=\"async\" width=\"1028\" height=\"578\" src=\"https:\/\/innovacircular.es\/wp-content\/uploads\/2026\/04\/pexels-artempodrez-7048041-1-1.jpg\" class=\"attachment-full size-full wp-image-48\" alt=\"Qu\u00e9 es la econom\u00eda circular y c\u00f3mo transforma tu empresa.\" srcset=\"https:\/\/innovacircular.es\/wp-content\/uploads\/2026\/04\/pexels-artempodrez-7048041-1-1.jpg 1028w, https:\/\/innovacircular.es\/wp-content\/uploads\/2026\/04\/pexels-artempodrez-7048041-1-1-300x169.jpg 300w, https:\/\/innovacircular.es\/wp-content\/uploads\/2026\/04\/pexels-artempodrez-7048041-1-1-1024x576.jpg 1024w, https:\/\/innovacircular.es\/wp-content\/uploads\/2026\/04\/pexels-artempodrez-7048041-1-1-768x432.jpg 768w\" sizes=\"(max-width: 1028px) 100vw, 1028px\" \/><\/div><\/a>\n\t\t\t\t<div class=\"elementor-post__text\">\n\t\t\t\t<h4 class=\"elementor-post__title\">\n\t\t\t<a href=\"https:\/\/innovacircular.es\/index.php\/2026\/04\/20\/que-es-la-economia-circular\/\" >\n\t\t\t\t\u00bfQu\u00e9 es la econom\u00eda circular?\t\t\t<\/a>\n\t\t<\/h4>\n\t\t\t\t<\/div>\n\t\t\t\t\t<\/div>\n\t\t<\/article>\n\t\t\t\t<\/div>\n\t\t\n\t\t\t\t\t\t<\/div>\n\t\t\t\t<\/div>\n\t\t\t\t\t<\/div>\n\t\t\t\t<\/div>\n\t\t\t\t<\/div>\n\t\t","protected":false},"excerpt":{"rendered":"<p>Blog de Innovacircular Hub de conocimiento sobre econom\u00eda circular empresarial<\/p>\n","protected":false},"author":1,"featured_media":0,"parent":0,"menu_order":0,"comment_status":"closed","ping_status":"closed","template":"page-templates\/template-pagebuilder-full-width.php","meta":{"footnotes":""},"class_list":["post-188","page","type-page","status-publish","hentry"],"yoast_head":"<!-- This site is optimized with the Yoast SEO plugin v27.4 - https:\/\/yoast.com\/product\/yoast-seo-wordpress\/ -->\n<title>Blog - Innovacircular<\/title>\n<meta name=\"robots\" content=\"noindex, follow, max-snippet:-1, max-image-preview:large, max-video-preview:-1\" \/>\n<meta property=\"og:locale\" content=\"es_ES\" \/>\n<meta property=\"og:type\" content=\"article\" \/>\n<meta property=\"og:title\" content=\"Blog - Innovacircular\" \/>\n<meta property=\"og:description\" content=\"Blog de Innovacircular Hub de conocimiento sobre econom\u00eda circular empresarial\" \/>\n<meta property=\"og:url\" content=\"https:\/\/innovacircular.es\/index.php\/blog\/\" \/>\n<meta property=\"og:site_name\" content=\"Innovacircular\" \/>\n<meta property=\"article:modified_time\" content=\"2026-04-20T15:31:26+00:00\" \/>\n<meta name=\"twitter:card\" content=\"summary_large_image\" \/>\n<meta name=\"twitter:label1\" content=\"Tiempo de lectura\" \/>\n\t<meta name=\"twitter:data1\" content=\"2 minutos\" \/>\n<script type=\"application\/ld+json\" class=\"yoast-schema-graph\">{\"@context\":\"https:\\\/\\\/schema.org\",\"@graph\":[{\"@type\":\"WebPage\",\"@id\":\"https:\\\/\\\/innovacircular.es\\\/index.php\\\/blog\\\/\",\"url\":\"https:\\\/\\\/innovacircular.es\\\/index.php\\\/blog\\\/\",\"name\":\"Blog - Innovacircular\",\"isPartOf\":{\"@id\":\"https:\\\/\\\/innovacircular.es\\\/#website\"},\"datePublished\":\"2026-04-20T15:21:38+00:00\",\"dateModified\":\"2026-04-20T15:31:26+00:00\",\"breadcrumb\":{\"@id\":\"https:\\\/\\\/innovacircular.es\\\/index.php\\\/blog\\\/#breadcrumb\"},\"inLanguage\":\"es\",\"potentialAction\":[{\"@type\":\"ReadAction\",\"target\":[\"https:\\\/\\\/innovacircular.es\\\/index.php\\\/blog\\\/\"]}]},{\"@type\":\"BreadcrumbList\",\"@id\":\"https:\\\/\\\/innovacircular.es\\\/index.php\\\/blog\\\/#breadcrumb\",\"itemListElement\":[{\"@type\":\"ListItem\",\"position\":1,\"name\":\"Portada\",\"item\":\"https:\\\/\\\/innovacircular.es\\\/\"},{\"@type\":\"ListItem\",\"position\":2,\"name\":\"Blog\"}]},{\"@type\":\"WebSite\",\"@id\":\"https:\\\/\\\/innovacircular.es\\\/#website\",\"url\":\"https:\\\/\\\/innovacircular.es\\\/\",\"name\":\"Innovacircular\",\"description\":\"Proyectos de Econom\u00eda Circular\",\"publisher\":{\"@id\":\"https:\\\/\\\/innovacircular.es\\\/#organization\"},\"potentialAction\":[{\"@type\":\"SearchAction\",\"target\":{\"@type\":\"EntryPoint\",\"urlTemplate\":\"https:\\\/\\\/innovacircular.es\\\/?s={search_term_string}\"},\"query-input\":{\"@type\":\"PropertyValueSpecification\",\"valueRequired\":true,\"valueName\":\"search_term_string\"}}],\"inLanguage\":\"es\"},{\"@type\":\"Organization\",\"@id\":\"https:\\\/\\\/innovacircular.es\\\/#organization\",\"name\":\"Innovacircular\",\"url\":\"https:\\\/\\\/innovacircular.es\\\/\",\"logo\":{\"@type\":\"ImageObject\",\"inLanguage\":\"es\",\"@id\":\"https:\\\/\\\/innovacircular.es\\\/#\\\/schema\\\/logo\\\/image\\\/\",\"url\":\"https:\\\/\\\/innovacircular.es\\\/wp-content\\\/uploads\\\/2026\\\/04\\\/cropped-Logo-removebg-preview-1.png\",\"contentUrl\":\"https:\\\/\\\/innovacircular.es\\\/wp-content\\\/uploads\\\/2026\\\/04\\\/cropped-Logo-removebg-preview-1.png\",\"width\":1056,\"height\":177,\"caption\":\"Innovacircular\"},\"image\":{\"@id\":\"https:\\\/\\\/innovacircular.es\\\/#\\\/schema\\\/logo\\\/image\\\/\"}}]}<\/script>\n<!-- \/ Yoast SEO plugin. -->","yoast_head_json":{"title":"Blog - Innovacircular","robots":{"index":"noindex","follow":"follow","max-snippet":"max-snippet:-1","max-image-preview":"max-image-preview:large","max-video-preview":"max-video-preview:-1"},"og_locale":"es_ES","og_type":"article","og_title":"Blog - Innovacircular","og_description":"Blog de Innovacircular Hub de conocimiento sobre econom\u00eda circular empresarial","og_url":"https:\/\/innovacircular.es\/index.php\/blog\/","og_site_name":"Innovacircular","article_modified_time":"2026-04-20T15:31:26+00:00","twitter_card":"summary_large_image","twitter_misc":{"Tiempo de lectura":"2 minutos"},"schema":{"@context":"https:\/\/schema.org","@graph":[{"@type":"WebPage","@id":"https:\/\/innovacircular.es\/index.php\/blog\/","url":"https:\/\/innovacircular.es\/index.php\/blog\/","name":"Blog - Innovacircular","isPartOf":{"@id":"https:\/\/innovacircular.es\/#website"},"datePublished":"2026-04-20T15:21:38+00:00","dateModified":"2026-04-20T15:31:26+00:00","breadcrumb":{"@id":"https:\/\/innovacircular.es\/index.php\/blog\/#breadcrumb"},"inLanguage":"es","potentialAction":[{"@type":"ReadAction","target":["https:\/\/innovacircular.es\/index.php\/blog\/"]}]},{"@type":"BreadcrumbList","@id":"https:\/\/innovacircular.es\/index.php\/blog\/#breadcrumb","itemListElement":[{"@type":"ListItem","position":1,"name":"Portada","item":"https:\/\/innovacircular.es\/"},{"@type":"ListItem","position":2,"name":"Blog"}]},{"@type":"WebSite","@id":"https:\/\/innovacircular.es\/#website","url":"https:\/\/innovacircular.es\/","name":"Innovacircular","description":"Proyectos de Econom\u00eda Circular","publisher":{"@id":"https:\/\/innovacircular.es\/#organization"},"potentialAction":[{"@type":"SearchAction","target":{"@type":"EntryPoint","urlTemplate":"https:\/\/innovacircular.es\/?s={search_term_string}"},"query-input":{"@type":"PropertyValueSpecification","valueRequired":true,"valueName":"search_term_string"}}],"inLanguage":"es"},{"@type":"Organization","@id":"https:\/\/innovacircular.es\/#organization","name":"Innovacircular","url":"https:\/\/innovacircular.es\/","logo":{"@type":"ImageObject","inLanguage":"es","@id":"https:\/\/innovacircular.es\/#\/schema\/logo\/image\/","url":"https:\/\/innovacircular.es\/wp-content\/uploads\/2026\/04\/cropped-Logo-removebg-preview-1.png","contentUrl":"https:\/\/innovacircular.es\/wp-content\/uploads\/2026\/04\/cropped-Logo-removebg-preview-1.png","width":1056,"height":177,"caption":"Innovacircular"},"image":{"@id":"https:\/\/innovacircular.es\/#\/schema\/logo\/image\/"}}]}},"_links":{"self":[{"href":"https:\/\/innovacircular.es\/index.php\/wp-json\/wp\/v2\/pages\/188","targetHints":{"allow":["GET"]}}],"collection":[{"href":"https:\/\/innovacircular.es\/index.php\/wp-json\/wp\/v2\/pages"}],"about":[{"href":"https:\/\/innovacircular.es\/index.php\/wp-json\/wp\/v2\/types\/page"}],"author":[{"embeddable":true,"href":"https:\/\/innovacircular.es\/index.php\/wp-json\/wp\/v2\/users\/1"}],"replies":[{"embeddable":true,"href":"https:\/\/innovacircular.es\/index.php\/wp-json\/wp\/v2\/comments?post=188"}],"version-history":[{"count":8,"href":"https:\/\/innovacircular.es\/index.php\/wp-json\/wp\/v2\/pages\/188\/revisions"}],"predecessor-version":[{"id":201,"href":"https:\/\/innovacircular.es\/index.php\/wp-json\/wp\/v2\/pages\/188\/revisions\/201"}],"wp:attachment":[{"href":"https:\/\/innovacircular.es\/index.php\/wp-json\/wp\/v2\/media?parent=188"}],"curies":[{"name":"wp","href":"https:\/\/api.w.org\/{rel}","templated":true}]}}